{"id":2232,"date":"2023-04-03T09:57:15","date_gmt":"2023-04-03T09:57:15","guid":{"rendered":"https:\/\/join.thesincuragroup.com\/cornercard-registration\/"},"modified":"2026-05-05T11:23:58","modified_gmt":"2026-05-05T11:23:58","slug":"cornercard-registration","status":"publish","type":"page","link":"https:\/\/join.thesincuragroup.com\/de\/cornercard-registration\/","title":{"rendered":"Cornercard Registration"},"content":{"rendered":"\n<div class=\"wp-block-columns are-vertically-aligned-bottom is-layout-flex wp-container-3\" style=\"padding-top:0;padding-right:0;padding-bottom:0;padding-left:0\">\n<div class=\"wp-block-column is-vertically-aligned-bottom is-layout-flow\">\n<figure class=\"wp-block-image size-full\"><img decoding=\"async\" src=\"https:\/\/corner-concierge.com\/wp-content\/uploads\/2023\/02\/cornercard-1.png\" alt=\"\" class=\"wp-image-12994\"\/><\/figure>\n<\/div>\n\n\n\n<div class=\"wp-block-column is-vertically-aligned-bottom is-layout-flow\">\n<p class=\"has-text-align-right has-vivid-cyan-blue-color has-text-color\"><a href=\"https:\/\/join.thesincuragroup.com\/cornercard-registration\/\">EN<\/a> | <a href=\"https:\/\/join.thesincuragroup.com\/de\/cornercard-registration\/\">DE<\/a> | <a href=\"https:\/\/join.thesincuragroup.com\/it\/cornercard-registration\/\">IT<\/a> | <a href=\"https:\/\/join.thesincuragroup.com\/fr\/cornercard-registration\/\">FR<\/a><\/p>\n<\/div>\n<\/div>\n\n\n\n<hr class=\"wp-block-separator has-alpha-channel-opacity has-text-color has-cyan-bluish-gray-color has-cyan-bluish-gray-background-color has-background\"\/>\n\n\n<div class=\"wp-block-image\">\n<figure class=\"aligncenter size-large\"><img decoding=\"async\" loading=\"lazy\" width=\"1024\" height=\"435\" src=\"https:\/\/join.thesincuragroup.com\/wp-content\/uploads\/2026\/05\/sincura_switzerland-1-1024x435.jpg\" alt=\"sinvcura switzerland appointed by cornercard \" class=\"wp-image-3122\" srcset=\"https:\/\/join.thesincuragroup.com\/wp-content\/uploads\/2026\/05\/sincura_switzerland-1-1024x435.jpg 1024w, https:\/\/join.thesincuragroup.com\/wp-content\/uploads\/2026\/05\/sincura_switzerland-1-300x127.jpg 300w, https:\/\/join.thesincuragroup.com\/wp-content\/uploads\/2026\/05\/sincura_switzerland-1-768x326.jpg 768w, https:\/\/join.thesincuragroup.com\/wp-content\/uploads\/2026\/05\/sincura_switzerland-1-1536x652.jpg 1536w, https:\/\/join.thesincuragroup.com\/wp-content\/uploads\/2026\/05\/sincura_switzerland-1.jpg 1588w\" sizes=\"(max-width: 1024px) 100vw, 1024px\" \/><\/figure><\/div>\n\n\n<h2 class=\"wp-block-heading has-text-align-center\" style=\"font-size:28px\"><strong>Ein herzliches Dankesch\u00f6n von Ihrem Concierge-Team<\/strong><\/h2>\n\n\n\n<p>Da sich unsere dreij\u00e4hrige Zusammenarbeit mit Corn\u00e8rcard nun dem Ende zuneigt, m\u00f6chten wir Ihnen unseren aufrichtigen Dank aussprechen. Es war uns eine grosse Ehre, Ihnen als Ihr Partner im Bereich Luxus zur Seite zu stehen.<\/p>\n\n\n\n<p>Von der Wiederbeschaffung verlorenen Gep\u00e4cks \u00fcber die Beschaffung seltener Herm\u00e8s-Handtaschen bis hin zur Sicherung von Fussballtickets in der ersten Reihe und Backstage-Zugang bei Konzerten \u2013 wir waren sehr stolz darauf, das Aussergew\u00f6hnliche zum Alltag zu machen. Ob bei der Organisation von Beach Clubs in Cannes, Villen auf den Malediven oder Hunderten von Vorzugsreservierungen in Restaurants weltweit \u2013 unser Fokus lag stets darauf, Ihnen Exzellenz zu bieten.<\/p>\n\n\n\n<p>In dieser Zeit haben wir mehr als 11&#8217;000 Anfragen von Ihnen mit einer durchschnittlichen Antwortzeit von unter zwei Minuten bearbeitet, \u00fcber 800 Buchungen abgeschlossen, mehr als 100&#8217;000 Artikel geteilt und Ihnen \u00fcber 5&#8217;000 Stadtf\u00fchrer direkt zugestellt. <\/p>\n\n\n\n<p>Wir verstehen, dass Ihr Leben keinem festen Zeitplan folgt. Ob es 13 Uhr am Nachmittag oder 1 Uhr in der Nacht ist \u2013 wir sind jederzeit f\u00fcr Sie da, 24\/7, 365 Tage im Jahr, mit sofortigem Zugang zu unserem Team, um sicherzustellen, dass alles reibungslos funktioniert, egal wo auf der Welt Sie sich befinden und zu jeder Zeit.<\/p>\n\n\n\n<p>Wir haben jede Minute der Betreuung Ihrer Anliegen wirklich genossen. Ihr Feedback bedeutet uns alles und spiegelt sich in Ihrer 99% F\u00fcnf-Sterne-Bewertung unseres Services wider.<\/p>\n\n\n\n<p>Dank Ihrer Unterst\u00fctzung sind wir auf dem Schweizer Markt erheblich gewachsen. Wir sind stolz darauf, unsere T\u00e4tigkeit als Schweizer Nr. 1 unter den Concierge-Diensten \u2013 laut der Bewertung von Swiss Insider aus dem Jahr 2026 \u2013 und als bestbewerteter Schweizer Concierge bei Google-Suchen abzuschliessen.<\/p>\n\n\n\n<p>W\u00e4hrend wir mit einem neuen Bankpartner ein spannendes neues Kapitel aufschlagen, geben wir Sie in die kompetenten H\u00e4nde Ihres neuen Anbieters. Bitte wenden Sie sich mit Ihrer Anfrage erneut direkt an diesen.<\/p>\n\n\n\n<p>Auch wenn unsere offizielle Rolle nun zu Ende ist, bleibt unsere T\u00fcr offen. Sie k\u00f6nnen uns weiterhin unter&nbsp;<a href=\"mailto:info@thesincuragroup.com\" target=\"_blank\" rel=\"noreferrer noopener\">info@thesincuragroup.com<\/a>&nbsp;erreichen \u2013 geben Sie einfach an, dass Sie Corn\u00e8rcard-Kunde sind, und wir helfen Ihnen gerne weiter. Oder rufen Sie uns unter +44 203 148 2655 an.<\/p>\n\n\n\n<p>Vielen Dank, dass Sie Teil unserer Reise waren. Wir w\u00fcnschen Ihnen alles Gute f\u00fcr die Zukunft \u2013 und ein Leben voller Luxus.<\/p>\n\n\n\n<p>Mit freundlichen Gr\u00fcssen,<\/p>\n\n\n\n<p>Ihr Concierge-Team<\/p>\n\n\n\n<figure class=\"wp-block-image size-full is-resized\"><img decoding=\"async\" loading=\"lazy\" src=\"https:\/\/join.thesincuragroup.com\/wp-content\/uploads\/2026\/05\/logo-gold-trans-10.png\" alt=\"\" class=\"wp-image-3097\" width=\"467\" height=\"180\" srcset=\"https:\/\/join.thesincuragroup.com\/wp-content\/uploads\/2026\/05\/logo-gold-trans-10.png 933w, https:\/\/join.thesincuragroup.com\/wp-content\/uploads\/2026\/05\/logo-gold-trans-10-300x116.png 300w, https:\/\/join.thesincuragroup.com\/wp-content\/uploads\/2026\/05\/logo-gold-trans-10-768x296.png 768w\" sizes=\"(max-width: 467px) 100vw, 467px\" \/><\/figure>\n\n\n\n<div style=\"height:10px\" aria-hidden=\"true\" class=\"wp-block-spacer\"><\/div>\n\n\n\n<figure class=\"wp-block-image size-full is-resized\"><img decoding=\"async\" loading=\"lazy\" src=\"https:\/\/join.thesincuragroup.com\/wp-content\/uploads\/2026\/05\/sincura_signature.jpg\" alt=\"\" class=\"wp-image-3101\" width=\"450\" height=\"249\" srcset=\"https:\/\/join.thesincuragroup.com\/wp-content\/uploads\/2026\/05\/sincura_signature.jpg 600w, https:\/\/join.thesincuragroup.com\/wp-content\/uploads\/2026\/05\/sincura_signature-300x166.jpg 300w\" sizes=\"(max-width: 450px) 100vw, 450px\" \/><\/figure>\n\n\n\n<hr class=\"wp-block-separator has-alpha-channel-opacity has-text-color has-cyan-bluish-gray-color has-cyan-bluish-gray-background-color has-background\"\/>\n\n\n\n<p class=\"has-text-align-left\">Die Sincura Group zeichnet sich durch einen erstklassigen Service aus und bietet Ihnen unbegrenzten Zugang zu einzigartigen Erlebnissen \u2013 von bevorzugten Reservationen in den exklusivsten Restaurants der Welt \u00fcber die Planung von Luxusreisen bis hin zur Organisation von VIP-Tickets f\u00fcr ausverkaufte Events und vieles mehr. Alle Dienste stehen Ihnen rund um die Uhr, 365 Tage im Jahr und \u00fcberall auf der Welt zur Verf\u00fcgung.<\/p>\n\n\n\n<div class=\"wp-block-buttons is-content-justification-center is-layout-flex wp-container-4\">\n<div class=\"wp-block-button has-custom-width wp-block-button__width-50\"><a class=\"wp-block-button__link has-text-align-center wp-element-button\" href=\"https:\/\/thesincuragroup.com\/switzerland.html\">Sincura Switzerland<\/a><\/div>\n<\/div>\n\n\n\n<hr class=\"wp-block-separator has-alpha-channel-opacity has-text-color has-cyan-bluish-gray-color has-cyan-bluish-gray-background-color has-background\"\/>\n\n\n\n<p style=\"text-align: center;\"><video width=\"80%\" height=\"auto\" autoplay=\"\" loop=\"\" muted=\"\" playsinline=\"\">\n        <source src=\"https:\/\/thesincuragroup.com\/cornercard\/cornercard_app_german_white.mp4\" type=\"video\/mp4\">\n    <\/source><\/video><\/p>\n\n\n\n<p>Wenn Sie bereits registriert sind, k\u00f6nnen Sie sich direkt in der App einloggen.<\/p>\n\n\n\n<p style=\"text-align: center;\"><a href=\"https:\/\/play.google.com\/store\/apps\/details?id=com.borneagency.cornercard\" target=\"_blank\" rel=\"noreferrer noopener\"><img decoding=\"async\" src=\" https:\/\/thesincuragroup.com\/app\/Google_play_download2.png\" alt=\"\" class=\"wp-image-49589\" ><\/a> <a href=\"https:\/\/apps.apple.com\/us\/app\/corn%C3%A8rcard-concierge\/id6447695828\" target=\"_blank\" rel=\"noreferrer noopener\"><img decoding=\"async\" src=\" https:\/\/thesincuragroup.com\/app\/App_Store_Download2.png\" alt=\"download the cornercard app on apple store android\" class=\"wp-image-49592\"><\/a><\/p>\n\n\n<p><script type=\"text\/javascript\"><br \/>\n\/*<![CDATA[*\/\n(function() {\nvar sz = document.createElement('script'); sz.type = 'text\/javascript'; sz.async = true;\nsz.src = '\/\/siteimproveanalytics.com\/js\/siteanalyze_6141591.js';\nvar s = document.getElementsByTagName('script')[0]; s.parentNode.insertBefore(sz, s);<br \/>\n})();<br \/>\n\/*]]>*\/<br \/>\n<\/script><\/p>\n<p><!-- Google tag (gtag.js) --><br>\n<script async=\"\" src=\"https:\/\/www.googletagmanager.com\/gtag\/js?id=G-BY1WLSKEF7\"><\/script><br>\n<script><br \/>\n  window.dataLayer = window.dataLayer || [];<br \/>\n  function gtag(){dataLayer.push(arguments);}<br \/>\n  gtag('js', new Date());<\/p>\n<p>  gtag('config', 'G-BY1WLSKEF7');<br \/>\n<\/script><\/p>","protected":false},"excerpt":{"rendered":"<p>EN | DE | IT | FR Ein herzliches Dankesch\u00f6n von Ihrem Concierge-Team Da sich unsere dreij\u00e4hrige Zusammenarbeit mit Corn\u00e8rcard nun dem Ende zuneigt, m\u00f6chten wir Ihnen unseren aufrichtigen Dank aussprechen. Es war uns eine grosse Ehre, Ihnen als Ihr Partner im Bereich Luxus zur Seite zu stehen. Von der Wiederbeschaffung verlorenen Gep\u00e4cks \u00fcber die <a href=\"https:\/\/join.thesincuragroup.com\/de\/cornercard-registration\/\" class=\"read-more inline\">Read More<\/a><\/p>\n","protected":false},"author":1,"featured_media":0,"parent":0,"menu_order":0,"comment_status":"closed","ping_status":"closed","template":"template-full-width-no-page-title.php","meta":[],"_links":{"self":[{"href":"https:\/\/join.thesincuragroup.com\/de\/wp-json\/wp\/v2\/pages\/2232"}],"collection":[{"href":"https:\/\/join.thesincuragroup.com\/de\/wp-json\/wp\/v2\/pages"}],"about":[{"href":"https:\/\/join.thesincuragroup.com\/de\/wp-json\/wp\/v2\/types\/page"}],"author":[{"embeddable":true,"href":"https:\/\/join.thesincuragroup.com\/de\/wp-json\/wp\/v2\/users\/1"}],"replies":[{"embeddable":true,"href":"https:\/\/join.thesincuragroup.com\/de\/wp-json\/wp\/v2\/comments?post=2232"}],"version-history":[{"count":47,"href":"https:\/\/join.thesincuragroup.com\/de\/wp-json\/wp\/v2\/pages\/2232\/revisions"}],"predecessor-version":[{"id":3136,"href":"https:\/\/join.thesincuragroup.com\/de\/wp-json\/wp\/v2\/pages\/2232\/revisions\/3136"}],"wp:attachment":[{"href":"https:\/\/join.thesincuragroup.com\/de\/wp-json\/wp\/v2\/media?parent=2232"}],"curies":[{"name":"wp","href":"https:\/\/api.w.org\/{rel}","templated":true}]}}