{"id":2228,"date":"2023-04-03T09:57:15","date_gmt":"2023-04-03T09:57:15","guid":{"rendered":"https:\/\/join.thesincuragroup.com\/cornercard-registration\/"},"modified":"2026-05-05T11:26:54","modified_gmt":"2026-05-05T11:26:54","slug":"cornercard-registration","status":"publish","type":"page","link":"https:\/\/join.thesincuragroup.com\/fr\/cornercard-registration\/","title":{"rendered":"Cornercard Registration"},"content":{"rendered":"\n<div class=\"wp-block-columns are-vertically-aligned-bottom is-layout-flex wp-container-3\" style=\"padding-top:0;padding-right:0;padding-bottom:0;padding-left:0\">\n<div class=\"wp-block-column is-vertically-aligned-bottom is-layout-flow\">\n<figure class=\"wp-block-image size-full\"><img decoding=\"async\" src=\"https:\/\/corner-concierge.com\/wp-content\/uploads\/2023\/02\/cornercard-1.png\" alt=\"\" class=\"wp-image-12994\"\/><\/figure>\n<\/div>\n\n\n\n<div class=\"wp-block-column is-vertically-aligned-bottom is-layout-flow\">\n<p class=\"has-text-align-right has-vivid-cyan-blue-color has-text-color\"><a href=\"https:\/\/join.thesincuragroup.com\/cornercard-registration\/\">EN<\/a> | <a href=\"https:\/\/join.thesincuragroup.com\/de\/cornercard-registration\/\">DE<\/a> | <a href=\"https:\/\/join.thesincuragroup.com\/it\/cornercard-registration\/\">IT<\/a> | <a href=\"https:\/\/join.thesincuragroup.com\/fr\/cornercard-registration\/\">FR<\/a><\/p>\n<\/div>\n<\/div>\n\n\n\n<hr class=\"wp-block-separator has-alpha-channel-opacity has-text-color has-cyan-bluish-gray-color has-cyan-bluish-gray-background-color has-background\"\/>\n\n\n<div class=\"wp-block-image\">\n<figure class=\"aligncenter size-large\"><img decoding=\"async\" loading=\"lazy\" width=\"1024\" height=\"435\" src=\"https:\/\/join.thesincuragroup.com\/wp-content\/uploads\/2026\/05\/sincura_switzerland-1-1024x435.jpg\" alt=\"\" class=\"wp-image-3124\" srcset=\"https:\/\/join.thesincuragroup.com\/wp-content\/uploads\/2026\/05\/sincura_switzerland-1-1024x435.jpg 1024w, https:\/\/join.thesincuragroup.com\/wp-content\/uploads\/2026\/05\/sincura_switzerland-1-300x127.jpg 300w, https:\/\/join.thesincuragroup.com\/wp-content\/uploads\/2026\/05\/sincura_switzerland-1-768x326.jpg 768w, https:\/\/join.thesincuragroup.com\/wp-content\/uploads\/2026\/05\/sincura_switzerland-1-1536x652.jpg 1536w, https:\/\/join.thesincuragroup.com\/wp-content\/uploads\/2026\/05\/sincura_switzerland-1.jpg 1588w\" sizes=\"(max-width: 1024px) 100vw, 1024px\" \/><\/figure><\/div>\n\n\n<h2 class=\"wp-block-heading has-text-align-center\">Un grand merci de la part de votre \u00e9quipe de conciergerie<\/h2>\n\n\n\n<p>Alors que notre aventure de trois ans au service de Corn\u00e8rcard touche \u00e0 sa fin, nous tenions \u00e0 vous adresser nos sinc\u00e8res remerciements. Ce fut un v\u00e9ritable privil\u00e8ge d\u2019\u00eatre votre partenaire dans le domaine du luxe.<\/p>\n\n\n\n<p>Qu\u2019il s\u2019agisse de retrouver des bagages \u00e9gar\u00e9s, de d\u00e9nicher des sacs Herm\u00e8s rares, d\u2019obtenir des places au premier rang pour un match de football ou d\u2019acc\u00e9der aux coulisses d\u2019un concert, nous avons mis un point d\u2019honneur \u00e0 faire de l\u2019exceptionnel une r\u00e9alit\u00e9 quotidienne. Qu&#8217;il s&#8217;agisse d&#8217;organiser des s\u00e9jours dans des clubs de plage \u00e0 Cannes, de r\u00e9server des villas aux Maldives ou d&#8217;effectuer des centaines de r\u00e9servations prioritaires dans des restaurants \u00e0 travers le monde, notre priorit\u00e9 a toujours \u00e9t\u00e9 de vous offrir l&#8217;excellence.<\/p>\n\n\n\n<p>Au cours de cette p\u00e9riode, nous avons trait\u00e9 plus de 11 000 demandes de votre part avec un temps de r\u00e9ponse moyen inf\u00e9rieur \u00e0 deux minutes, effectu\u00e9 plus de 800 r\u00e9servations, partag\u00e9 plus de 100 000 articles et vous avons envoy\u00e9 directement plus de 5 000 guides de ville. <\/p>\n\n\n\n<p>Nous comprenons que votre vie ne suit pas un emploi du temps fixe. Que ce soit \u00e0 13h l\u2019apr\u00e8s-midi ou \u00e0 1h du matin, nous sommes toujours \u00e0 votre disposition \u2014 24h\/24, 7j\/7, 365 jours par an \u2014 avec un acc\u00e8s imm\u00e9diat \u00e0 notre \u00e9quipe afin de garantir que tout fonctionne parfaitement, o\u00f9 que vous soyez dans le monde et \u00e0 tout moment.<\/p>\n\n\n\n<p>Nous avons sinc\u00e8rement appr\u00e9ci\u00e9 chaque instant pass\u00e9 \u00e0 vous accompagner. Vos retours ont compt\u00e9 \u00e9norm\u00e9ment pour nous, comme en t\u00e9moigne votre note de 99 % d\u2019avis cinq \u00e9toiles pour notre service.<\/p>\n\n\n\n<p>Gr\u00e2ce \u00e0 votre soutien, nous nous sommes consid\u00e9rablement d\u00e9velopp\u00e9s sur le march\u00e9 suisse. Nous sommes fiers de conclure notre mandat en tant que service de conciergerie n\u00b0 1 en Suisse, selon le classement 2026 de Swiss Insider, et en tant que conciergerie suisse la mieux not\u00e9e lors d\u2019une recherche sur Google.<\/p>\n\n\n\n<p>Alors que nous entamons un nouveau chapitre passionnant avec un nouveau partenaire bancaire, nous vous confions \u00e0 votre nouveau prestataire. Veuillez leur adresser \u00e0 nouveau votre demande directement.<\/p>\n\n\n\n<p>Bien que notre r\u00f4le officiel touche \u00e0 sa fin, notre porte reste ouverte. Vous pouvez toujours nous contacter \u00e0 l\u2019adresse&nbsp;<a href=\"mailto:info@thesincuragroup.com\" target=\"_blank\" rel=\"noreferrer noopener\">info@thesincuragroup.com<\/a>&nbsp;\u2014 il vous suffit de mentionner que vous \u00eates client Corn\u00e8rcard, et nous serons ravis de vous aider. Ou appelez-nous au +44 203 148 2655.<\/p>\n\n\n\n<p>Merci de nous avoir accompagn\u00e9s dans cette aventure. Nous vous souhaitons tout le meilleur pour l&#8217;avenir, ainsi qu&#8217;une vie plac\u00e9e sous le signe du luxe.<\/p>\n\n\n\n<p>Cordialement,<\/p>\n\n\n\n<p>Votre \u00e9quipe de conciergerie<\/p>\n\n\n\n<figure class=\"wp-block-image size-full is-resized\"><img decoding=\"async\" loading=\"lazy\" src=\"https:\/\/join.thesincuragroup.com\/wp-content\/uploads\/2026\/05\/logo-gold-trans-10.png\" alt=\"\" class=\"wp-image-3096\" width=\"467\" height=\"180\" srcset=\"https:\/\/join.thesincuragroup.com\/wp-content\/uploads\/2026\/05\/logo-gold-trans-10.png 933w, https:\/\/join.thesincuragroup.com\/wp-content\/uploads\/2026\/05\/logo-gold-trans-10-300x116.png 300w, https:\/\/join.thesincuragroup.com\/wp-content\/uploads\/2026\/05\/logo-gold-trans-10-768x296.png 768w\" sizes=\"(max-width: 467px) 100vw, 467px\" \/><\/figure>\n\n\n\n<div style=\"height:10px\" aria-hidden=\"true\" class=\"wp-block-spacer\"><\/div>\n\n\n\n<figure class=\"wp-block-image size-full is-resized\"><img decoding=\"async\" loading=\"lazy\" src=\"https:\/\/join.thesincuragroup.com\/wp-content\/uploads\/2026\/05\/sincura_signature.jpg\" alt=\"\" class=\"wp-image-3100\" width=\"450\" height=\"249\" srcset=\"https:\/\/join.thesincuragroup.com\/wp-content\/uploads\/2026\/05\/sincura_signature.jpg 600w, https:\/\/join.thesincuragroup.com\/wp-content\/uploads\/2026\/05\/sincura_signature-300x166.jpg 300w\" sizes=\"(max-width: 450px) 100vw, 450px\" \/><\/figure>\n\n\n\n<hr class=\"wp-block-separator has-alpha-channel-opacity has-text-color has-cyan-bluish-gray-color has-cyan-bluish-gray-background-color has-background\"\/>\n\n\n\n<p>Le Sincura Group est fier de son service international et offre \u00e0 sa client\u00e8le un acc\u00e8s illimit\u00e9 \u00e0 des exp\u00e9riences uniques telles que des r\u00e9servations prioritaires dans les restaurants les plus exclusifs du monde, l\u2019organisation de voyages de luxe, la r\u00e9servation de billets VIP pour des \u00e9v\u00e9nements \u00e0 guichets ferm\u00e9s et bien d\u2019autres choses encore. Toutes ces prestations sont disponibles 24 heures sur 24, 365 jours par an, partout dans le monde.<\/p>\n\n\n\n<div class=\"wp-block-buttons is-content-justification-center is-layout-flex wp-container-4\">\n<div class=\"wp-block-button has-custom-width wp-block-button__width-50\"><a class=\"wp-block-button__link wp-element-button\" href=\"https:\/\/thesincuragroup.com\/switzerland.html\">Sincura Switzerland<\/a><\/div>\n<\/div>\n\n\n\n<hr class=\"wp-block-separator has-alpha-channel-opacity has-text-color has-cyan-bluish-gray-color has-cyan-bluish-gray-background-color has-background\" id=\"terms\"\/>\n\n\n\n<p style=\"text-align: center;\"><video width=\"80%\" height=\"auto\" autoplay loop muted playsinline>\n        <source src=\"https:\/\/thesincuragroup.com\/cornercard\/cornercard_app_french_white.mp4\" type=\"video\/mp4\">\n    <\/video><\/p>\n\n\n\n<p>Si vous \u00eates d\u00e9j\u00e0 enregistr\u00e9, vous pouvez faire le login directement dans l\u2019application.<\/p>\n\n\n\n<p style=\"text-align: center;\"><a href=\"https:\/\/play.google.com\/store\/apps\/details?id=com.borneagency.cornercard\" target=\"_blank\" rel=\"noreferrer noopener\"><img decoding=\"async\" src=\" https:\/\/thesincuragroup.com\/app\/Google_play_download2.png\" alt=\"\" class=\"wp-image-49589\" ><\/a> <a href=\"https:\/\/apps.apple.com\/us\/app\/corn%C3%A8rcard-concierge\/id6447695828\" target=\"_blank\" rel=\"noreferrer noopener\"><img decoding=\"async\" src=\" https:\/\/thesincuragroup.com\/app\/App_Store_Download2.png\" alt=\"download the cornercard app on apple store android\" class=\"wp-image-49592\"><\/a><\/p>\n\n\n<p><script type=\"text\/javascript\"><br \/>\n\/*<![CDATA[*\/\n(function() {\nvar sz = document.createElement('script'); sz.type = 'text\/javascript'; sz.async = true;\nsz.src = '\/\/siteimproveanalytics.com\/js\/siteanalyze_6141591.js';\nvar s = document.getElementsByTagName('script')[0]; s.parentNode.insertBefore(sz, s);<br \/>\n})();<br \/>\n\/*]]>*\/<br \/>\n<\/script><\/p>\n<p><!-- Google tag (gtag.js) --><br>\n<script async=\"\" src=\"https:\/\/www.googletagmanager.com\/gtag\/js?id=G-BY1WLSKEF7\"><\/script><br>\n<script><br \/>\n  window.dataLayer = window.dataLayer || [];<br \/>\n  function gtag(){dataLayer.push(arguments);}<br \/>\n  gtag('js', new Date());<\/p>\n<p>  gtag('config', 'G-BY1WLSKEF7');<br \/>\n<\/script><\/p>","protected":false},"excerpt":{"rendered":"<p>EN | DE | IT | FR Un grand merci de la part de votre \u00e9quipe de conciergerie Alors que notre aventure de trois ans au service de Corn\u00e8rcard touche \u00e0 sa fin, nous tenions \u00e0 vous adresser nos sinc\u00e8res remerciements. Ce fut un v\u00e9ritable privil\u00e8ge d\u2019\u00eatre votre partenaire dans le domaine du luxe. Qu\u2019il <a href=\"https:\/\/join.thesincuragroup.com\/fr\/cornercard-registration\/\" class=\"read-more inline\">Read More<\/a><\/p>\n","protected":false},"author":1,"featured_media":0,"parent":0,"menu_order":0,"comment_status":"closed","ping_status":"closed","template":"template-full-width-no-page-title.php","meta":[],"_links":{"self":[{"href":"https:\/\/join.thesincuragroup.com\/fr\/wp-json\/wp\/v2\/pages\/2228"}],"collection":[{"href":"https:\/\/join.thesincuragroup.com\/fr\/wp-json\/wp\/v2\/pages"}],"about":[{"href":"https:\/\/join.thesincuragroup.com\/fr\/wp-json\/wp\/v2\/types\/page"}],"author":[{"embeddable":true,"href":"https:\/\/join.thesincuragroup.com\/fr\/wp-json\/wp\/v2\/users\/1"}],"replies":[{"embeddable":true,"href":"https:\/\/join.thesincuragroup.com\/fr\/wp-json\/wp\/v2\/comments?post=2228"}],"version-history":[{"count":30,"href":"https:\/\/join.thesincuragroup.com\/fr\/wp-json\/wp\/v2\/pages\/2228\/revisions"}],"predecessor-version":[{"id":3138,"href":"https:\/\/join.thesincuragroup.com\/fr\/wp-json\/wp\/v2\/pages\/2228\/revisions\/3138"}],"wp:attachment":[{"href":"https:\/\/join.thesincuragroup.com\/fr\/wp-json\/wp\/v2\/media?parent=2228"}],"curies":[{"name":"wp","href":"https:\/\/api.w.org\/{rel}","templated":true}]}}