{"id":2224,"date":"2023-04-03T09:57:15","date_gmt":"2023-04-03T09:57:15","guid":{"rendered":"https:\/\/join.thesincuragroup.com\/cornercard-registration\/"},"modified":"2026-05-05T11:25:15","modified_gmt":"2026-05-05T11:25:15","slug":"cornercard-registration","status":"publish","type":"page","link":"https:\/\/join.thesincuragroup.com\/it\/cornercard-registration\/","title":{"rendered":"Cornercard Registration"},"content":{"rendered":"\n<div class=\"wp-block-columns are-vertically-aligned-bottom is-layout-flex wp-container-3\" style=\"padding-top:0;padding-right:0;padding-bottom:0;padding-left:0\">\n<div class=\"wp-block-column is-vertically-aligned-bottom is-layout-flow\">\n<figure class=\"wp-block-image size-full\"><img decoding=\"async\" src=\"https:\/\/corner-concierge.com\/wp-content\/uploads\/2023\/02\/cornercard-1.png\" alt=\"\" class=\"wp-image-12994\"\/><\/figure>\n<\/div>\n\n\n\n<div class=\"wp-block-column is-vertically-aligned-bottom is-layout-flow\">\n<p class=\"has-text-align-right has-vivid-cyan-blue-color has-text-color\"><a href=\"https:\/\/join.thesincuragroup.com\/cornercard-registration\/\">EN<\/a> | <a href=\"https:\/\/join.thesincuragroup.com\/de\/cornercard-registration\/\">DE<\/a> | <a href=\"https:\/\/join.thesincuragroup.com\/it\/cornercard-registration\/\">IT<\/a> | <a href=\"https:\/\/join.thesincuragroup.com\/fr\/cornercard-registration\/\">FR<\/a><\/p>\n<\/div>\n<\/div>\n\n\n\n<hr class=\"wp-block-separator has-alpha-channel-opacity has-text-color has-cyan-bluish-gray-color has-cyan-bluish-gray-background-color has-background\"\/>\n\n\n<div class=\"wp-block-image\">\n<figure class=\"aligncenter size-large\"><img decoding=\"async\" loading=\"lazy\" width=\"1024\" height=\"435\" src=\"https:\/\/join.thesincuragroup.com\/wp-content\/uploads\/2026\/05\/sincura_switzerland-1-1024x435.jpg\" alt=\"\" class=\"wp-image-3125\" srcset=\"https:\/\/join.thesincuragroup.com\/wp-content\/uploads\/2026\/05\/sincura_switzerland-1-1024x435.jpg 1024w, https:\/\/join.thesincuragroup.com\/wp-content\/uploads\/2026\/05\/sincura_switzerland-1-300x127.jpg 300w, https:\/\/join.thesincuragroup.com\/wp-content\/uploads\/2026\/05\/sincura_switzerland-1-768x326.jpg 768w, https:\/\/join.thesincuragroup.com\/wp-content\/uploads\/2026\/05\/sincura_switzerland-1-1536x652.jpg 1536w, https:\/\/join.thesincuragroup.com\/wp-content\/uploads\/2026\/05\/sincura_switzerland-1.jpg 1588w\" sizes=\"(max-width: 1024px) 100vw, 1024px\" \/><\/figure><\/div>\n\n\n<h2 class=\"wp-block-heading has-text-align-center\" style=\"font-size:28px\"><strong>Un sentito ringraziamento da parte del vostro team di concierge<\/strong><\/h2>\n\n\n\n<p>Mentre il nostro percorso triennale come rappresentanti di Corn\u00e8rcard volge al termine, desideriamo esprimervi i nostri pi\u00f9 sinceri ringraziamenti. \u00c8 stato un vero privilegio poter essere il vostro partner nel mondo del lusso.<\/p>\n\n\n\n<p>Dal ritrovamento di bagagli smarriti alla ricerca di rare borse Herm\u00e8s, fino all\u2019ottenimento di biglietti in prima fila per le partite di calcio e all\u2019accesso al backstage dei concerti, abbiamo tratto grande orgoglio nel trasformare l\u2019eccezionale in quotidianit\u00e0. Che si trattasse di organizzare beach club a Cannes, ville alle Maldive o centinaia di prenotazioni prioritarie in ristoranti di tutto il mondo, il nostro obiettivo \u00e8 sempre stato quello di offrire l\u2019eccellenza.<\/p>\n\n\n\n<p>In questo periodo, abbiamo gestito pi\u00f9 di 11.000 richieste da parte vostra con un tempo medio di risposta inferiore ai due minuti, completato oltre 800 prenotazioni, condiviso pi\u00f9 di 100.000 articoli e consegnato direttamente a voi pi\u00f9 di 5.000 guide delle citt\u00e0. <\/p>\n\n\n\n<p>Comprendiamo che la vostra vita non segue un orario fisso. Che siano le 13:00 del pomeriggio o l\u20191:00 di notte, siamo sempre a vostra disposizione\u201424 ore su 24, 7 giorni su 7, 365 giorni all\u2019anno\u2014con accesso immediato al nostro team per garantire che tutto funzioni senza intoppi, ovunque vi troviate nel mondo e in qualsiasi momento.<\/p>\n\n\n\n<p>Abbiamo davvero amato ogni singolo momento del supporto che vi abbiamo fornito. Il vostro feedback \u00e8 stato tutto per noi, come dimostra il vostro punteggio del 99% di recensioni a cinque stelle del nostro servizio.<\/p>\n\n\n\n<p>Grazie al vostro sostegno, siamo cresciuti in modo significativo nel mercato svizzero. Siamo orgogliosi di concludere il nostro mandato come servizio di concierge n. 1 in Svizzera, secondo la classifica di Swiss Insider del 2026, e come concierge svizzero pi\u00f9 votato nelle ricerche su Google.<\/p>\n\n\n\n<p>Mentre ci avviamo verso un nuovo entusiasmante capitolo con un nuovo partner bancario, vi affidiamo alle mani esperte del vostro nuovo fornitore. La preghiamo di rivolgere nuovamente la sua richiesta direttamente a loro.<\/p>\n\n\n\n<p>Anche se il nostro ruolo ufficiale \u00e8 giunto al termine, la nostra porta rimane aperta. Potete ancora contattarci all&#8217;indirizzo&nbsp;<a href=\"mailto:info@thesincuragroup.com\" target=\"_blank\" rel=\"noreferrer noopener\">info@thesincuragroup.com<\/a>: basta specificare che siete clienti Corn\u00e8rcard e saremo lieti di assistervi. Oppure ci chiami al numero +44 203 148 2655.<\/p>\n\n\n\n<p>Grazie per averci accompagnato in questo viaggio. Vi auguriamo il meglio per il futuro e una vita all\u2019insegna del lusso.<\/p>\n\n\n\n<p>Cordiali saluti,<\/p>\n\n\n\n<p>Il vostro team di concierge<\/p>\n\n\n\n<figure class=\"wp-block-image size-full is-resized\"><img decoding=\"async\" loading=\"lazy\" src=\"https:\/\/join.thesincuragroup.com\/wp-content\/uploads\/2026\/05\/logo-gold-trans-10.png\" alt=\"\" class=\"wp-image-3098\" width=\"467\" height=\"180\" srcset=\"https:\/\/join.thesincuragroup.com\/wp-content\/uploads\/2026\/05\/logo-gold-trans-10.png 933w, https:\/\/join.thesincuragroup.com\/wp-content\/uploads\/2026\/05\/logo-gold-trans-10-300x116.png 300w, https:\/\/join.thesincuragroup.com\/wp-content\/uploads\/2026\/05\/logo-gold-trans-10-768x296.png 768w\" sizes=\"(max-width: 467px) 100vw, 467px\" \/><\/figure>\n\n\n\n<div style=\"height:10px\" aria-hidden=\"true\" class=\"wp-block-spacer\"><\/div>\n\n\n\n<figure class=\"wp-block-image size-full is-resized\"><img decoding=\"async\" loading=\"lazy\" src=\"https:\/\/join.thesincuragroup.com\/wp-content\/uploads\/2026\/05\/sincura_signature.jpg\" alt=\"\" class=\"wp-image-3102\" width=\"450\" height=\"249\" srcset=\"https:\/\/join.thesincuragroup.com\/wp-content\/uploads\/2026\/05\/sincura_signature.jpg 600w, https:\/\/join.thesincuragroup.com\/wp-content\/uploads\/2026\/05\/sincura_signature-300x166.jpg 300w\" sizes=\"(max-width: 450px) 100vw, 450px\" \/><\/figure>\n\n\n\n<hr class=\"wp-block-separator has-alpha-channel-opacity has-text-color has-cyan-bluish-gray-color has-cyan-bluish-gray-background-color has-background\"\/>\n\n\n\n<p class=\"has-text-align-left\">Sincura Group vanta un servizio internazionale e offre alla sua clientela un accesso illimitato a esperienze uniche: prenotazioni prioritarie nei ristoranti pi\u00f9 esclusivi del mondo, pianificazione di viaggi di lusso, acquisto di biglietti VIP per eventi da tutto esaurito e molto altro ancora. Tutti i servizi saranno a tua disposizione 24 ore su 24, 365 giorni all\u2019anno, ovunque nel mondo.<\/p>\n\n\n\n<div class=\"wp-block-buttons is-content-justification-center is-layout-flex wp-container-4\">\n<div class=\"wp-block-button has-custom-width wp-block-button__width-50\"><a class=\"wp-block-button__link wp-element-button\" href=\"https:\/\/thesincuragroup.com\/switzerland.html\">Sincura Switzerland<\/a><\/div>\n<\/div>\n\n\n\n<hr class=\"wp-block-separator has-alpha-channel-opacity has-text-color has-cyan-bluish-gray-color has-cyan-bluish-gray-background-color has-background\"\/>\n\n\n\n<p style=\"text-align: center;\"><video width=\"80%\" height=\"auto\" autoplay=\"\" loop=\"\" muted=\"\" playsinline=\"\">\n        <source src=\"https:\/\/thesincuragroup.com\/cornercard\/cornercard_app_italian_white.mp4\" type=\"video\/mp4\">\n    <\/source><\/video><\/p>\n\n\n\n<p>Se sei gi\u00e0 registrato, puoi accedere direttamente all\u2019app.<\/p>\n\n\n\n<p style=\"text-align: center;\"><a href=\"https:\/\/play.google.com\/store\/apps\/details?id=com.borneagency.cornercard\" target=\"_blank\" rel=\"noreferrer noopener\"><img decoding=\"async\" src=\" https:\/\/thesincuragroup.com\/app\/Google_play_download2.png\" alt=\"\" class=\"wp-image-49589\" ><\/a> <a href=\"https:\/\/apps.apple.com\/us\/app\/corn%C3%A8rcard-concierge\/id6447695828\" target=\"_blank\" rel=\"noreferrer noopener\"><img decoding=\"async\" src=\" https:\/\/thesincuragroup.com\/app\/App_Store_Download2.png\" alt=\"download the cornercard app on apple store android\" class=\"wp-image-49592\"><\/a><\/p>\n\n\n<p><script type=\"text\/javascript\"><br \/>\n\/*<![CDATA[*\/\n(function() {\nvar sz = document.createElement('script'); sz.type = 'text\/javascript'; sz.async = true;\nsz.src = '\/\/siteimproveanalytics.com\/js\/siteanalyze_6141591.js';\nvar s = document.getElementsByTagName('script')[0]; s.parentNode.insertBefore(sz, s);<br \/>\n})();<br \/>\n\/*]]>*\/<br \/>\n<\/script><\/p>\n<p><!-- Google tag (gtag.js) --><br>\n<script async=\"\" src=\"https:\/\/www.googletagmanager.com\/gtag\/js?id=G-BY1WLSKEF7\"><\/script><br>\n<script><br \/>\n  window.dataLayer = window.dataLayer || [];<br \/>\n  function gtag(){dataLayer.push(arguments);}<br \/>\n  gtag('js', new Date());<\/p>\n<p>  gtag('config', 'G-BY1WLSKEF7');<br \/>\n<\/script><\/p>","protected":false},"excerpt":{"rendered":"<p>EN | DE | IT | FR Un sentito ringraziamento da parte del vostro team di concierge Mentre il nostro percorso triennale come rappresentanti di Corn\u00e8rcard volge al termine, desideriamo esprimervi i nostri pi\u00f9 sinceri ringraziamenti. \u00c8 stato un vero privilegio poter essere il vostro partner nel mondo del lusso. Dal ritrovamento di bagagli smarriti <a href=\"https:\/\/join.thesincuragroup.com\/it\/cornercard-registration\/\" class=\"read-more inline\">Read More<\/a><\/p>\n","protected":false},"author":1,"featured_media":0,"parent":0,"menu_order":0,"comment_status":"closed","ping_status":"closed","template":"template-full-width-no-page-title.php","meta":[],"_links":{"self":[{"href":"https:\/\/join.thesincuragroup.com\/it\/wp-json\/wp\/v2\/pages\/2224"}],"collection":[{"href":"https:\/\/join.thesincuragroup.com\/it\/wp-json\/wp\/v2\/pages"}],"about":[{"href":"https:\/\/join.thesincuragroup.com\/it\/wp-json\/wp\/v2\/types\/page"}],"author":[{"embeddable":true,"href":"https:\/\/join.thesincuragroup.com\/it\/wp-json\/wp\/v2\/users\/1"}],"replies":[{"embeddable":true,"href":"https:\/\/join.thesincuragroup.com\/it\/wp-json\/wp\/v2\/comments?post=2224"}],"version-history":[{"count":44,"href":"https:\/\/join.thesincuragroup.com\/it\/wp-json\/wp\/v2\/pages\/2224\/revisions"}],"predecessor-version":[{"id":3137,"href":"https:\/\/join.thesincuragroup.com\/it\/wp-json\/wp\/v2\/pages\/2224\/revisions\/3137"}],"wp:attachment":[{"href":"https:\/\/join.thesincuragroup.com\/it\/wp-json\/wp\/v2\/media?parent=2224"}],"curies":[{"name":"wp","href":"https:\/\/api.w.org\/{rel}","templated":true}]}}